{"id":9,"date":"2018-11-19T19:34:38","date_gmt":"2018-11-19T22:34:38","guid":{"rendered":"http:\/\/carlosmagarinos.com\/?page_id=9"},"modified":"2025-03-18T21:45:11","modified_gmt":"2025-03-19T00:45:11","slug":"sector-publico","status":"publish","type":"page","link":"https:\/\/carlosmagarinos.com\/es\/acerca-de\/sector-publico\/","title":{"rendered":"Pol\u00edtica y Diplomacia"},"content":{"rendered":"<p>Es el <a href=\"https:\/\/es.wikipedia.org\/wiki\/Anexo:Embajadores_de_Argentina_en_Brasil\" target=\"_blank\" rel=\"noopener\">56to Embajador de la Rep\u00fablica Argentina ante la Rep\u00fablica Federativa de Brasil<\/a> (2016-19), nombrado por el Presidente Mauricio Macri (2015-2019) con acuerdo un\u00e1nime del Senado.<\/p>\n<p>Comenz\u00f3 su carrera p\u00fablica, que se extiende por m\u00e1s de una d\u00e9cada, cuando fue reclutado para el puesto de Director Nacional de Comercio Exterior (1991), por oposici\u00f3n y antecedentes, a trav\u00e9s del Sistema Nacional de la Profesi\u00f3n Administrativa (SINAPA).<\/p>\n<p>Ocup\u00f3 la Subsecretar\u00eda de Industria (1992\/3) y, m\u00e1s tarde, fue designado <a href=\"https:\/\/es.wikipedia.org\/wiki\/Secretar%C3%ADa_de_Industria\" target=\"_blank\" rel=\"noopener\">Secretario de Industria de la Naci\u00f3n<\/a> (1993\/6). En diciembre de 1995 agreg\u00f3 el portafolio de Miner\u00eda para convertirse en <a href=\"https:\/\/es.wikipedia.org\/wiki\/Secretar%C3%ADa_de_Miner%C3%ADa\" target=\"_blank\" rel=\"noopener\">Secretario de Miner\u00eda e Industria de la Naci\u00f3n<\/a>.<\/p>\n<p>Desde esas posiciones clave particip\u00f3, entre 1991 y 1996, en el proceso m\u00e1s serio y duradero de estabilizaci\u00f3n y crecimiento de la econom\u00eda Argentina desde que el pa\u00eds recuper\u00f3 la democracia, en 1983.<\/p>\n<p>Continu\u00f3 su gesti\u00f3n como Representante Econ\u00f3mico y Comercial Argentino en Washington DC, con rango de Embajador y Secretario de Estado (1996\/7).<\/p>\n<p>Solo dejar\u00eda el cargo al ser elegido Director General de la Organizaci\u00f3n de las Naciones Unidas para el Desarrollo industrial (ONUDI).<\/p>\n<h6 class=\"font-weight-bold blue\" style=\"text-align: center;\">Medidas adoptadas en la funci\u00f3n p\u00fablica,<\/h6>\n<h6 class=\"font-weight-bold blue\" style=\"text-align: center;\">vigentes por d\u00e9cadas<\/h6>\n<h6 class=\"font-weight-bold blue\">R\u00e9gimen Automotriz<\/h6>\n<p>Dise\u00f1ado para superar el problema de la planta industrial t\u00edpica argentina (tama\u00f1o peque\u00f1o a escala mundial y mix de producci\u00f3n abierto en exceso) multiplic\u00f3 la producci\u00f3n local y las exportaciones \u2013sobre todo a Brasil, pa\u00eds con el que se negoci\u00f3 un acuerdo particular\u2013 atrayendo numerosas radicaciones de nuevas terminales y el retorno al pa\u00eds de las que se hab\u00edan retirado (Toyota, General Motors, Fiat) El mercado interno pas\u00f3 de 90.000 a 500.000 unidades.<\/p>\n<h6 class=\"font-weight-bold blue\">Creaci\u00f3n de la Subsecretar\u00eda de la Peque\u00f1a y Mediana Empresa<\/h6>\n<p>Se la estableci\u00f3 para dise\u00f1ar un marco normativo espec\u00edfico de apoyo a este sector de actividad. La Subsecretar\u00eda elabor\u00f3 y envi\u00f3 al congreso la primera \u00abLey PYME\u00bb, integrada con disposiciones en materia financiera, impositiva, laboral y tecnol\u00f3gica para la peque\u00f1a y mediana empresa.<\/p>\n<h6 class=\"font-weight-bold blue\">Creaci\u00f3n de delegaciones regionales del Instituto Nacional de Tecnolog\u00eda Industrial (INTI)<\/h6>\n<h6 class=\"font-weight-bold blue\">Sistema Nacional de Normas, Calidad y Certificaci\u00f3n<\/h6>\n<p>Provisi\u00f3n de infraestructura en materia de normalizaci\u00f3n y acreditaci\u00f3n para promover la certificaci\u00f3n voluntaria de los productos, servicios, procesos y sistemas de calidad de las empresas con la finalidad de mejorar el acceso de los productos argentinos a nuevos mercados cumpliendo las reglamentaciones internacionales.<\/p>\n<h6 class=\"font-weight-bold blue\">Bienes de Capital<\/h6>\n<p>Se estableci\u00f3, de manera simult\u00e1nea, arancel 0 para importar bienes de capital y un r\u00e9gimen de reintegros fiscales a los fabricantes locales de esos bienes, con el fin de estimular la reconversi\u00f3n, competitividad y equipamiento del sector industrial mediante la incorporaci\u00f3n de bienes de capital al menor costo posible.<\/p>\n<h6 class=\"font-weight-bold blue\">Subsidio a la tasa de inter\u00e9s para la peque\u00f1a y mediana empresa<\/h6>\n<p>El esquema adoptado consist\u00eda en un sistema de bonificaci\u00f3n de tasas por el cual el fisco se hace cargo de cuatro puntos porcentuales de la tasa de inter\u00e9s que deban abonar las PyMEs por los cr\u00e9ditos que tomen para la inversi\u00f3n y reconversi\u00f3n, constituci\u00f3n de capital de trabajo, adquisici\u00f3n de bienes de capital y tecnolog\u00eda, y financiamiento de exportaciones en las entidades financieras que participaban del programa.<\/p>\n<p><\/p>","protected":false},"excerpt":{"rendered":"<p>Es el 56to Embajador de la Rep\u00fablica Argentina ante la Rep\u00fablica Federativa de Brasil (2016-19), nombrado por el Presidente Mauricio Macri (2015-2019) con acuerdo un\u00e1nime del Senado. Comenz\u00f3 su carrera p\u00fablica, que se extiende por m\u00e1s de una d\u00e9cada, cuando fue reclutado para el puesto de Director Nacional de Comercio Exterior (1991), por oposici\u00f3n y [&hellip;]<\/p>\n","protected":false},"author":1,"featured_media":2254,"parent":5,"menu_order":0,"comment_status":"closed","ping_status":"closed","template":"page-templates\/about-detail-template.php","meta":{"_acf_changed":false,"footnotes":""},"class_list":["post-9","page","type-page","status-publish","has-post-thumbnail","hentry"],"acf":[],"_links":{"self":[{"href":"https:\/\/carlosmagarinos.com\/es\/wp-json\/wp\/v2\/pages\/9","targetHints":{"allow":["GET"]}}],"collection":[{"href":"https:\/\/carlosmagarinos.com\/es\/wp-json\/wp\/v2\/pages"}],"about":[{"href":"https:\/\/carlosmagarinos.com\/es\/wp-json\/wp\/v2\/types\/page"}],"author":[{"embeddable":true,"href":"https:\/\/carlosmagarinos.com\/es\/wp-json\/wp\/v2\/users\/1"}],"replies":[{"embeddable":true,"href":"https:\/\/carlosmagarinos.com\/es\/wp-json\/wp\/v2\/comments?post=9"}],"version-history":[{"count":155,"href":"https:\/\/carlosmagarinos.com\/es\/wp-json\/wp\/v2\/pages\/9\/revisions"}],"predecessor-version":[{"id":2368,"href":"https:\/\/carlosmagarinos.com\/es\/wp-json\/wp\/v2\/pages\/9\/revisions\/2368"}],"up":[{"embeddable":true,"href":"https:\/\/carlosmagarinos.com\/es\/wp-json\/wp\/v2\/pages\/5"}],"wp:featuredmedia":[{"embeddable":true,"href":"https:\/\/carlosmagarinos.com\/es\/wp-json\/wp\/v2\/media\/2254"}],"wp:attachment":[{"href":"https:\/\/carlosmagarinos.com\/es\/wp-json\/wp\/v2\/media?parent=9"}],"curies":[{"name":"wp","href":"https:\/\/api.w.org\/{rel}","templated":true}]}}