{"id":7,"date":"2018-11-19T19:34:26","date_gmt":"2018-11-19T22:34:26","guid":{"rendered":"http:\/\/carlosmagarinos.com\/?page_id=7"},"modified":"2025-10-30T14:07:11","modified_gmt":"2025-10-30T17:07:11","slug":"sector-privado","status":"publish","type":"page","link":"https:\/\/carlosmagarinos.com\/es\/acerca-de\/sector-privado\/","title":{"rendered":"Actividad Empresaria"},"content":{"rendered":"<p>Su pasi\u00f3n por emprender lo llev\u00f3 a vincular los negocios con la academia y a fundar varias empresas para crear valor a trav\u00e9s de la innovaci\u00f3n.<\/p>\n<p>Particip\u00f3 en adquisiciones, desarrollo de negocios y reestructuraci\u00f3n de pasivos. Actualmente, con<span class=\"apple-converted-space\">\u00a0<\/span><a href=\"https:\/\/www.linkedin.com\/in\/bel%C3%A9n-di-paolo-15b35a22\/?originalSubdomain=ar\">Belen Di Paolo<\/a>, lidera<span class=\"apple-converted-space\">\u00a0<\/span><a href=\"http:\/\/www.globalforesightc.com\/\" target=\"_blank\" rel=\"noopener\">Global Foresight<\/a>, identificando tempranamente tendencias de mercado para promover proyectos de inversi\u00f3n y acceso al mercado de capitales.<\/p>\n<p>Recoge all\u00ed la experiencia acumulada con Prospectiva 2020 S.A. y Global Business Development Network LLC (desde 2007), movilizando casi U$200 millones para financiar proyectos (en alimentos, biotec, energ\u00eda y TICs) e inversiones de portafolio. Basado en Washington, Buenos Aires, Lima y Mumbai, organiz\u00f3 m\u00e1s de 50 eventos en Am\u00e9rica, Europa y Asia y public\u00f3 cientos de informes de oportunidades de negocios.<\/p>\n<p>A lo largo de dos d\u00e9cadas, Carlos ha sido Chairman, CEO o Miembro del Directorio de instituciones como la<span class=\"apple-converted-space\">\u00a0<\/span><a href=\"http:\/\/www.globalsmes.org\/html\/index.php?func=council_v2&amp;lan=en\" target=\"_blank\" rel=\"noopener\">Alianza Global de las PyMES<\/a>, (China\/US); la C\u00e1mara Argentina de la Energ\u00eda; el Banco de la Provincia de Buenos Aires; la Universidad San Ignacio de Loyola (Per\u00fa\/US); el<span class=\"apple-converted-space\">\u00a0<\/span><a href=\"http:\/\/circulodemontevideo.org\/miembros.asp\" target=\"_blank\" rel=\"noopener\">C\u00edrculo de Montevideo<\/a><span class=\"apple-converted-space\">\u00a0<\/span>(Uruguay); la C\u00e1mara de Comercio de la India y el Foro Mundial de Agricultura (NL); entre otras.<\/p>\n<p style=\"font-weight: 400;\">Es Director del Grupo Werthein, un mid-market buyout fund que opera DIRECTV Latinoam\u00e9rica.<\/p>\n<p><\/p>","protected":false},"excerpt":{"rendered":"<p>Su pasi\u00f3n por emprender lo llev\u00f3 a vincular los negocios con la academia y a fundar varias empresas para crear valor a trav\u00e9s de la innovaci\u00f3n. Particip\u00f3 en adquisiciones, desarrollo de negocios y reestructuraci\u00f3n de pasivos. Actualmente, con\u00a0Belen Di Paolo, lidera\u00a0Global Foresight, identificando tempranamente tendencias de mercado para promover proyectos de inversi\u00f3n y acceso al [&hellip;]<\/p>\n","protected":false},"author":1,"featured_media":2250,"parent":5,"menu_order":0,"comment_status":"closed","ping_status":"closed","template":"page-templates\/about-detail-template.php","meta":{"_acf_changed":false,"footnotes":""},"class_list":["post-7","page","type-page","status-publish","has-post-thumbnail","hentry"],"acf":[],"_links":{"self":[{"href":"https:\/\/carlosmagarinos.com\/es\/wp-json\/wp\/v2\/pages\/7","targetHints":{"allow":["GET"]}}],"collection":[{"href":"https:\/\/carlosmagarinos.com\/es\/wp-json\/wp\/v2\/pages"}],"about":[{"href":"https:\/\/carlosmagarinos.com\/es\/wp-json\/wp\/v2\/types\/page"}],"author":[{"embeddable":true,"href":"https:\/\/carlosmagarinos.com\/es\/wp-json\/wp\/v2\/users\/1"}],"replies":[{"embeddable":true,"href":"https:\/\/carlosmagarinos.com\/es\/wp-json\/wp\/v2\/comments?post=7"}],"version-history":[{"count":230,"href":"https:\/\/carlosmagarinos.com\/es\/wp-json\/wp\/v2\/pages\/7\/revisions"}],"predecessor-version":[{"id":2972,"href":"https:\/\/carlosmagarinos.com\/es\/wp-json\/wp\/v2\/pages\/7\/revisions\/2972"}],"up":[{"embeddable":true,"href":"https:\/\/carlosmagarinos.com\/es\/wp-json\/wp\/v2\/pages\/5"}],"wp:featuredmedia":[{"embeddable":true,"href":"https:\/\/carlosmagarinos.com\/es\/wp-json\/wp\/v2\/media\/2250"}],"wp:attachment":[{"href":"https:\/\/carlosmagarinos.com\/es\/wp-json\/wp\/v2\/media?parent=7"}],"curies":[{"name":"wp","href":"https:\/\/api.w.org\/{rel}","templated":true}]}}