{"id":5,"date":"2018-11-19T19:34:04","date_gmt":"2018-11-19T22:34:04","guid":{"rendered":"http:\/\/carlosmagarinos.com\/?page_id=5"},"modified":"2025-10-31T00:48:38","modified_gmt":"2025-10-31T03:48:38","slug":"acerca-de","status":"publish","type":"page","link":"https:\/\/carlosmagarinos.com\/es\/acerca-de\/","title":{"rendered":"Acerca de"},"content":{"rendered":"<p><\/p>\n<p class=\"avenir\" style=\"font-weight: 500;\">Carlos Magari\u00f1os es un vanguardista, con una trayectoria vers\u00e1til y sobresaliente, premiada por 39 gobiernos e instituciones de Am\u00e9rica, Europa y Asia.<\/p>\n<p class=\"avenir\" style=\"font-weight: 500;\">Pol\u00edtico, diplom\u00e1tico, acad\u00e9mico y empresario, desde muy joven ejerci\u00f3 roles de liderazgo defendiendo la libertad, la igualdad y la solidaridad y promoviendo la innovaci\u00f3n.<\/p>\n<p class=\"avenir\" style=\"font-weight: 500;\">Con solo 35 a\u00f1os de edad, gan\u00f3 una elecci\u00f3n internacional (obteniendo 36 de los votos emitidos por 53 pa\u00edses) para convertirse en <a href=\"https:\/\/www.unido.org\/who-we-are\/brief-history\" target=\"_blank\" rel=\"noopener\">Director General de la Organizaci\u00f3n de las Naciones Unidas para el Desarrollo Industrial<\/a>. Ya hab\u00eda sido designado Secretario de Industria de la Rep\u00fablica Argentina cuando apenas contaba 31 a\u00f1os.<\/p>\n<p class=\"avenir\" style=\"font-weight: 500;\">Es un profesional \u00abself-made\u00bb que se convirti\u00f3 en un referente reconocido en innovaci\u00f3n y desarrollo econ\u00f3mico, compartiendo regularmente sus ideas, plasmadas en una decena de libros, en conferencias alrededor del mundo.<\/p>\n<p class=\"avenir\" style=\"font-weight: 500;\">Ha definido su liderazgo promoviendo procesos de \u00abcambio\u00bb y demuestra un amplio dominio de los temas estrat\u00e9gicos globales, identificando el papel que ellos juegan para definir el presente y delinear el futuro.<\/p>\n<p class=\"avenir\" style=\"font-weight: 500;\">Carlos ha sido <a href=\"https:\/\/es.wikipedia.org\/wiki\/Secretar%C3%ADa_de_Industria\" target=\"_blank\" rel=\"noopener\">Secretario de Estado<\/a>, <a href=\"https:\/\/es.wikipedia.org\/wiki\/Anexo:Embajadores_de_Argentina_en_Brasil\" target=\"_blank\" rel=\"noopener\">Embajador<\/a>, <a href=\"http:\/\/www.globalsmes.org\/html\/index.php?func=council_v2&amp;lan=en\" target=\"_blank\" rel=\"noopener\">Chairman<\/a> y CEO, Miembro Senior Asociado del St Antony\u2019s College en la Universidad de Oxford y Senior Fellow del Instituto para Estudios Financieros Chongyang (RDCY) en la Universidad China de Renmin.<\/p>\n<p>Actualmente lidera <a href=\"http:\/\/www.globalforesightc.com\/\" target=\"_blank\" rel=\"noopener\">Global Foresight<\/a>\u00a0S.A y vive en Argentina con su mujer, Bel\u00e9n Di Paolo, su hija Milagros y sus hijos Tom\u00e1s y Agust\u00edn. Es Director del Grupo Werthein<\/p>\n<ul class=\"georgia blue\">\n<li><a title=\"\" href=\"http:\/\/carlosmagarinos.com\/acerca-de\/sector-publico\/\">Pol\u00edtica y Diplomacia<\/a><\/li>\n<li><a title=\"\" href=\"http:\/\/carlosmagarinos.com\/acerca-de\/sector-privado\/\">Actividad Empresaria<\/a><\/li>\n<li><a title=\"\" href=\"http:\/\/carlosmagarinos.com\/acerca-de\/onu\/\">Naciones Unidas<\/a><\/li>\n<li><a title=\"\" href=\"http:\/\/carlosmagarinos.com\/acerca-de\/academia\/\">Academia<\/a><\/li>\n<li><a title=\"\" href=\"http:\/\/carlosmagarinos.com\/acerca-de\/premios\/\">Premios<\/a><\/li>\n<\/ul>\n<p><\/p>","protected":false},"excerpt":{"rendered":"<p>Carlos Magari\u00f1os es un vanguardista, con una trayectoria vers\u00e1til y sobresaliente, premiada por 39 gobiernos e instituciones de Am\u00e9rica, Europa y Asia. Pol\u00edtico, diplom\u00e1tico, acad\u00e9mico y empresario, desde muy joven ejerci\u00f3 roles de liderazgo defendiendo la libertad, la igualdad y la solidaridad y promoviendo la innovaci\u00f3n. Con solo 35 a\u00f1os de edad, gan\u00f3 una elecci\u00f3n [&hellip;]<\/p>\n","protected":false},"author":1,"featured_media":2029,"parent":0,"menu_order":0,"comment_status":"closed","ping_status":"closed","template":"page-templates\/about-template.php","meta":{"_acf_changed":false,"footnotes":""},"class_list":["post-5","page","type-page","status-publish","has-post-thumbnail","hentry"],"acf":[],"_links":{"self":[{"href":"https:\/\/carlosmagarinos.com\/es\/wp-json\/wp\/v2\/pages\/5","targetHints":{"allow":["GET"]}}],"collection":[{"href":"https:\/\/carlosmagarinos.com\/es\/wp-json\/wp\/v2\/pages"}],"about":[{"href":"https:\/\/carlosmagarinos.com\/es\/wp-json\/wp\/v2\/types\/page"}],"author":[{"embeddable":true,"href":"https:\/\/carlosmagarinos.com\/es\/wp-json\/wp\/v2\/users\/1"}],"replies":[{"embeddable":true,"href":"https:\/\/carlosmagarinos.com\/es\/wp-json\/wp\/v2\/comments?post=5"}],"version-history":[{"count":298,"href":"https:\/\/carlosmagarinos.com\/es\/wp-json\/wp\/v2\/pages\/5\/revisions"}],"predecessor-version":[{"id":2977,"href":"https:\/\/carlosmagarinos.com\/es\/wp-json\/wp\/v2\/pages\/5\/revisions\/2977"}],"wp:featuredmedia":[{"embeddable":true,"href":"https:\/\/carlosmagarinos.com\/es\/wp-json\/wp\/v2\/media\/2029"}],"wp:attachment":[{"href":"https:\/\/carlosmagarinos.com\/es\/wp-json\/wp\/v2\/media?parent=5"}],"curies":[{"name":"wp","href":"https:\/\/api.w.org\/{rel}","templated":true}]}}