{"id":17,"date":"2018-11-19T21:47:44","date_gmt":"2018-11-20T00:47:44","guid":{"rendered":"http:\/\/carlosmagarinos.com\/?page_id=17"},"modified":"2023-11-03T18:50:49","modified_gmt":"2023-11-03T21:50:49","slug":"conferencias","status":"publish","type":"page","link":"https:\/\/carlosmagarinos.com\/es\/conferencias\/","title":{"rendered":"Conferencias"},"content":{"rendered":"<p><\/p>\n<p style=\"text-align: center;\">M\u00e1s de 350 conferencias alrededor del mundo, como orador principal o panelista sobre innovaci\u00f3n, desarrollo, globalizaci\u00f3n y democracia.<\/p>\n<p><\/p>","protected":false},"excerpt":{"rendered":"<p>M\u00e1s de 350 conferencias alrededor del mundo, como orador principal o panelista sobre innovaci\u00f3n, desarrollo, globalizaci\u00f3n y democracia.<\/p>\n","protected":false},"author":1,"featured_media":0,"parent":0,"menu_order":0,"comment_status":"closed","ping_status":"closed","template":"page-templates\/conferencias-template.php","meta":{"_acf_changed":false,"footnotes":""},"class_list":["post-17","page","type-page","status-publish","hentry"],"acf":[],"_links":{"self":[{"href":"https:\/\/carlosmagarinos.com\/es\/wp-json\/wp\/v2\/pages\/17","targetHints":{"allow":["GET"]}}],"collection":[{"href":"https:\/\/carlosmagarinos.com\/es\/wp-json\/wp\/v2\/pages"}],"about":[{"href":"https:\/\/carlosmagarinos.com\/es\/wp-json\/wp\/v2\/types\/page"}],"author":[{"embeddable":true,"href":"https:\/\/carlosmagarinos.com\/es\/wp-json\/wp\/v2\/users\/1"}],"replies":[{"embeddable":true,"href":"https:\/\/carlosmagarinos.com\/es\/wp-json\/wp\/v2\/comments?post=17"}],"version-history":[{"count":29,"href":"https:\/\/carlosmagarinos.com\/es\/wp-json\/wp\/v2\/pages\/17\/revisions"}],"predecessor-version":[{"id":1541,"href":"https:\/\/carlosmagarinos.com\/es\/wp-json\/wp\/v2\/pages\/17\/revisions\/1541"}],"wp:attachment":[{"href":"https:\/\/carlosmagarinos.com\/es\/wp-json\/wp\/v2\/media?parent=17"}],"curies":[{"name":"wp","href":"https:\/\/api.w.org\/{rel}","templated":true}]}}