{"id":1486,"date":"2021-09-17T10:55:46","date_gmt":"2021-09-17T13:55:46","guid":{"rendered":"https:\/\/carlosmagarinos.com\/es\/?page_id=1486"},"modified":"2025-01-30T15:50:58","modified_gmt":"2025-01-30T18:50:58","slug":"academia","status":"publish","type":"page","link":"https:\/\/carlosmagarinos.com\/es\/acerca-de\/academia\/","title":{"rendered":"Academia"},"content":{"rendered":"<p>Carlos estudia por qu\u00e9 algunos pa\u00edses crecen m\u00e1s r\u00e1pido que otros, el rol de las instituciones y del cambio tecnol\u00f3gico y la provisi\u00f3n de bienes p\u00fablicos globales. Presenta regularmente sus ideas, plasmadas en diez <a href=\"https:\/\/www.amazon.com\/stores\/Carlos-Magari\u00f1os\/author\/B07KDYK2QG?ref=ap_rdr&amp;store_ref=ap_rdr&amp;isDramIntegrated=true&amp;shoppingPortalEnabled=true\">libros<\/a> y numerosos <a href=\"https:\/\/carlosmagarinos.com\/es\/papers\/\">papers<\/a>, en conferencias alrededor del mundo.<\/p>\n<p>Miembro del Consejo Asesor en el <a href=\"https:\/\/www.wilsoncenter.org\/advisory-board-0\" target=\"_blank\" rel=\"noopener\">Programa Latinoamericano del Wilson Center<\/a> (2022) y del Consejo Acad\u00e9mico de Asuntos Globales (publicaci\u00f3n del CARI), ha sido Senior Fellow del Instituto de Estudios Financieros Chongyang (Universidad China de Renmin, 2013); Profesor visitante (Universidad San Ignacio de Loyola, 2015); Profesor Titular de Pol\u00edtica Econ\u00f3mica (Universidad del Salvador, 2009) y <a href=\"https:\/\/www.sant.ox.ac.uk\/sites\/default\/files\/college_record_2006.pdf\" target=\"_blank\" rel=\"noopener\">Miembro Senior Asociado (p 95)<\/a> de <a href=\"https:\/\/www.sant.ox.ac.uk\" target=\"_blank\" rel=\"noopener\">St Antony&#8217;s College<\/a> (Universidad de Oxford, 2006).<\/p>\n<p>Fue Experto invitado por el <a href=\"https:\/\/theindependentpanel.org\/wp-content\/uploads\/2021\/05\/COVID-19-Make-it-the-Last-Pandemic_final.pdf\" target=\"_blank\" rel=\"noopener\">Panel Independiente sobre Preparaci\u00f3n y Respuesta a Pandemias (OMS 2020, p 81)<\/a>, y Miembro de la <a href=\"https:\/\/www.undp.org\/sites\/g\/files\/zskgke326\/files\/publications\/Latin-America-and-the-Caribbean---A-Biodiversity-Superpower--Policy_Brief_SPANISH.pdf\" target=\"_blank\" rel=\"noopener\">Comisi\u00f3n para la Biodiversidad, Ecosistemas, Finanzas y Desarrollo (PNUD 2010, p 16)<\/a>.<\/p>\n<p>Se desempe\u00f1\u00f3 como Profesor Asistente de Importaci\u00f3n y Exportaci\u00f3n (Universidad de Belgrano) y Profesor de Asuntos Econ\u00f3micos Latinoamericanos (Universidad del Salvador) en 1990, Asistente de Microeconom\u00eda (trabajos pr\u00e1cticos, 1986) y Coordinador T\u00e9cnico en Metodolog\u00eda de la Investigaci\u00f3n (UBA, 1987). Carlos tom\u00f3 cursos sobre negociaci\u00f3n de deuda (IDLI) y Fusiones y Adquisiciones (Wharton).<\/p>\n<p>Mientras estudiaba Administraci\u00f3n de Empresas fue elegido para el Consejo Acad\u00e9mico de su Facultad (Cs. Econ\u00f3micas, Universidad de Buenos Aires) por el Claustro de Estudiantes.<\/p>","protected":false},"excerpt":{"rendered":"<p>Carlos estudia por qu\u00e9 algunos pa\u00edses crecen m\u00e1s r\u00e1pido que otros, el rol de las instituciones y del cambio tecnol\u00f3gico y la provisi\u00f3n de bienes p\u00fablicos globales. Presenta regularmente sus ideas, plasmadas en diez libros y numerosos papers, en conferencias alrededor del mundo. Miembro del Consejo Asesor en el Programa Latinoamericano del Wilson Center (2022) [&hellip;]<\/p>\n","protected":false},"author":1,"featured_media":2248,"parent":5,"menu_order":0,"comment_status":"closed","ping_status":"closed","template":"page-templates\/about-detail-template.php","meta":{"_acf_changed":false,"footnotes":""},"class_list":["post-1486","page","type-page","status-publish","has-post-thumbnail","hentry"],"acf":[],"_links":{"self":[{"href":"https:\/\/carlosmagarinos.com\/es\/wp-json\/wp\/v2\/pages\/1486","targetHints":{"allow":["GET"]}}],"collection":[{"href":"https:\/\/carlosmagarinos.com\/es\/wp-json\/wp\/v2\/pages"}],"about":[{"href":"https:\/\/carlosmagarinos.com\/es\/wp-json\/wp\/v2\/types\/page"}],"author":[{"embeddable":true,"href":"https:\/\/carlosmagarinos.com\/es\/wp-json\/wp\/v2\/users\/1"}],"replies":[{"embeddable":true,"href":"https:\/\/carlosmagarinos.com\/es\/wp-json\/wp\/v2\/comments?post=1486"}],"version-history":[{"count":77,"href":"https:\/\/carlosmagarinos.com\/es\/wp-json\/wp\/v2\/pages\/1486\/revisions"}],"predecessor-version":[{"id":2270,"href":"https:\/\/carlosmagarinos.com\/es\/wp-json\/wp\/v2\/pages\/1486\/revisions\/2270"}],"up":[{"embeddable":true,"href":"https:\/\/carlosmagarinos.com\/es\/wp-json\/wp\/v2\/pages\/5"}],"wp:featuredmedia":[{"embeddable":true,"href":"https:\/\/carlosmagarinos.com\/es\/wp-json\/wp\/v2\/media\/2248"}],"wp:attachment":[{"href":"https:\/\/carlosmagarinos.com\/es\/wp-json\/wp\/v2\/media?parent=1486"}],"curies":[{"name":"wp","href":"https:\/\/api.w.org\/{rel}","templated":true}]}}