{"id":13,"date":"2018-11-19T19:35:23","date_gmt":"2018-11-19T22:35:23","guid":{"rendered":"http:\/\/carlosmagarinos.com\/?page_id=13"},"modified":"2025-01-23T22:51:07","modified_gmt":"2025-01-24T01:51:07","slug":"premios","status":"publish","type":"page","link":"https:\/\/carlosmagarinos.com\/es\/acerca-de\/premios\/","title":{"rendered":"Premios"},"content":{"rendered":"<p><\/p>\n<ul>\n<li><strong>Profesor Honorario. Universidad Tecnol\u00f3gica de Wuchang (WUT)<\/strong>. Wuhan, Hubei, Rep\u00fablica Popular China (2023)<\/li>\n<li><strong>Gran Cruz de la Orden Nacional del Crucero del Sur<\/strong>. Gobierno Federal. Brasil (2019)<\/li>\n<li><b>Gran Cruz de la Orden del M\u00e9rito del Trabajo, \u00abGetulio Vargas\u00bb. <\/b>Gobierno Federal. Brasil (2018)<\/li>\n<li>\u201cPersonalidad Destacada\u201d declarado por el Instituto de Gesti\u00f3n P\u00fablica de la Universidad Provincial de C\u00f3rdoba, Argentina (Abril de 2018)<\/li>\n<li>Hu\u00e9sped de Honor del Pueblo y Gobierno de Tucum\u00e1n (Dec. 340\/1, 2018)<\/li>\n<li><strong>Premio Facultad de Ciencias Econ\u00f3micas (Universidad de Buenos Aires) a la trayectoria<\/strong> destacada en reconocimiento por Actuaci\u00f3n <strong>en Pol\u00edtica Nacional<\/strong> (2017)<\/li>\n<li><strong>Gran Cruz de la Orden al M\u00e9rito Anhanguera del Estado de Goi\u00e1s, Brasil <\/strong>(2017)<\/li>\n<li><strong>Medalla del Pacificador \u201cDuqe de Caixas\u201d Ej\u00e9rcito Brasile\u00f1o. Brasilia<\/strong> (2016)<\/li>\n<li><strong><em>Doctor Honoris Causa<\/em><\/strong>, Universidad San Ignacio de Loyola, Lima, Per\u00fa (2015)<\/li>\n<li>Visitante Distinguido de la Ciudad de Arequipa, Per\u00fa (2014)<\/li>\n<li>Diploma y medalla de reconocimiento de la Organizaci\u00f3n Educativa San Ignacio de Loyola en su 45 Aniversario (2014)<\/li>\n<li>Medalla de reconocimiento de la Facultad de Ciencias Econ\u00f3micas de la Universidad de Buenos Aires en ocasi\u00f3n de su cent\u00e9simo aniversario (2013) por desempe\u00f1o como Consejero Acad\u00e9mico (1985-1987)<\/li>\n<li>Reconocimiento por logros profesionales. Asociacion de Ex-Alumnos del Colegio San Jose. Buenos Aires, Argentina (2008)<\/li>\n<li><strong>Medalla de la Amistad. Condecoraci\u00f3n del Gobierno de Cuba<\/strong> (2006)<\/li>\n<\/ul>\n<ul>\n<li><strong>Gran Condecoraci\u00f3n de Honor. Gobierno de la Rep\u00fablica de Austria <\/strong>(2006)<\/li>\n<li>Premio \u201cCONCORD\u201d Primer Grado. Congreso Internacional de Industrialistas y Emprendedores. Mosc\u00fa, Federaci\u00f3n Rusa (2005)<\/li>\n<li><strong>Orden Nacional al M\u00e9rito. Gran Cruz. Gobierno de la Rep\u00fablica de Ecuador<\/strong> (2005)<\/li>\n<li>Premio Global por contribuciones sobresalientes Humanitarias y al Desarrollo Sostenible. Academia Priyadarshni, Mumbai, India (2004)<\/li>\n<li><strong>Cuz Kennedy, Unviersidad John F. Kennedy<\/strong>. Buenos Aires, Argentina (2004)<\/li>\n<li><strong>Orden al M\u00e9rito Industrial. Grado de Oficial. <\/strong><strong>Gobierno de Colombia<\/strong> (2004)<\/li>\n<li><strong>Orden al M\u00e9rito Grado de Gran Oficial. Gobierno de la Rep\u00fablica Italiana<\/strong> (2003)<\/li>\n<li><strong><em>Doctor Honorario<\/em><\/strong>. Universidad Nacional T\u00e9cnica, Instituto Polit\u00e9cnico de Kiev, Ucrania (2002)<\/li>\n<li>Premio de la Fundaci\u00f3n 2002. Foro de la Fundaci\u00f3n Universal (<em>Prix de la Fondation 2002.\u00a0<\/em><em>Fondation du Forum Universale<\/em>) M\u00f3naco.<\/li>\n<li>C\u00e1mara de Diputados, Congreso de la Naci\u00f3n (Argentina), Sesiones Ordinarias, Comisi\u00f3n de Relaciones Exteriores y Culto, Orden del d\u00eda N\u00famero 3280, expresi\u00f3n de benepl\u00e1cito por la reelecci\u00f3n al frente de la Organizaci\u00f3n de las Naciones Unidas para el Desarrollo Industrial (ONUDI), Noviembre 20 de 2001.<\/li>\n<li><strong><em>Doctor Honoris Causa<\/em><\/strong>, Universidad de Ciencias Empresariales y Sociales, Buenos Aires, Argentina (2001)<\/li>\n<li><strong>Orden del Quetzal. Grado de Gran Cruz. Gobierno de Guatemala<\/strong> (2001)<\/li>\n<li>Premio Internacional \u201cPedro el Grande\u201d. Federaci\u00f3n Rusa (2001)<\/li>\n<li>Premio a los logros distinguidos. Asociaci\u00f3n de Ex Pasantes y Becarios de las Naciones New York, U.S.A. (2001)<\/li>\n<li><strong><em>Doctor Honoris Causa<\/em><\/strong>, Universidad de Ciencias Econ\u00f3micas y Administraci\u00f3n P\u00fablica, Budapest, Hungr\u00eda (2000)<\/li>\n<li><strong>Orden de San Carlos. Gobierno de Colombia<\/strong> (2000)<\/li>\n<li>Premio de la Asociaci\u00f3n Internacional de Management de Tecnolog\u00eda, Miami, U.S.A. (2000)<\/li>\n<li>Socio Honorario. Universidad de las Artes (<em>Soci Onorari, Universit\u00e1 delle Arti<\/em>) Rome, Italy (2000)<\/li>\n<li>Trofeo al Desempe\u00f1o del a\u00f1o 2000, Instituto Superior de Gesti\u00f3n. (<em>Troph\u00e9e des <\/em><em>Performances del \u00e1nne 2000, Institut Sup\u00e9rieur de Gestion \u2013 ISG &#8211;<\/em>) Paris, Francia (2000)<\/li>\n<li><strong><em>Profesor Honoris Causa<\/em><\/strong>, Universidad del Estado Lomonosov, Mosc\u00fa, Federaci\u00f3n Rusa. (1999)<\/li>\n<li>Premio Internacional de Tecnolog\u00eda \u201cGolden Atlant\u201d, Academia Internacional de Ciencia y Tecnolog\u00eda. Elegido Miembro Extranjero. Mosc\u00fa, Federaci\u00f3n Rusa (1999)<\/li>\n<li>Ciudadano Honorario, Dallas City, U.S.A. (1997)<\/li>\n<li>Programa para pol\u00edticos j\u00f3venes del Gobierno de Francia (1996)<\/li>\n<li>Programa para pol\u00edticos j\u00f3venes del Gobierno del Jap\u00f3n. (1995)<\/li>\n<li>Homenaje de la C\u00e1mara de Comercio Latina de los Estados Unidos y el Congreso Hemisf\u00e9rico de C\u00e1maras de Comercio e Industria Latinas por contribuciones a la integraci\u00f3n hemisf\u00e9rica (1995)<\/li>\n<\/ul>\n<p><\/p>","protected":false},"excerpt":{"rendered":"<p>Profesor Honorario. Universidad Tecnol\u00f3gica de Wuchang (WUT). Wuhan, Hubei, Rep\u00fablica Popular China (2023) Gran Cruz de la Orden Nacional del Crucero del Sur. Gobierno Federal. Brasil (2019) Gran Cruz de la Orden del M\u00e9rito del Trabajo, \u00abGetulio Vargas\u00bb. Gobierno Federal. Brasil (2018) \u201cPersonalidad Destacada\u201d declarado por el Instituto de Gesti\u00f3n P\u00fablica de la Universidad Provincial [&hellip;]<\/p>\n","protected":false},"author":1,"featured_media":914,"parent":5,"menu_order":0,"comment_status":"closed","ping_status":"closed","template":"page-templates\/premios-template.php","meta":{"_acf_changed":false,"footnotes":""},"class_list":["post-13","page","type-page","status-publish","has-post-thumbnail","hentry"],"acf":[],"_links":{"self":[{"href":"https:\/\/carlosmagarinos.com\/es\/wp-json\/wp\/v2\/pages\/13","targetHints":{"allow":["GET"]}}],"collection":[{"href":"https:\/\/carlosmagarinos.com\/es\/wp-json\/wp\/v2\/pages"}],"about":[{"href":"https:\/\/carlosmagarinos.com\/es\/wp-json\/wp\/v2\/types\/page"}],"author":[{"embeddable":true,"href":"https:\/\/carlosmagarinos.com\/es\/wp-json\/wp\/v2\/users\/1"}],"replies":[{"embeddable":true,"href":"https:\/\/carlosmagarinos.com\/es\/wp-json\/wp\/v2\/comments?post=13"}],"version-history":[{"count":35,"href":"https:\/\/carlosmagarinos.com\/es\/wp-json\/wp\/v2\/pages\/13\/revisions"}],"predecessor-version":[{"id":2266,"href":"https:\/\/carlosmagarinos.com\/es\/wp-json\/wp\/v2\/pages\/13\/revisions\/2266"}],"up":[{"embeddable":true,"href":"https:\/\/carlosmagarinos.com\/es\/wp-json\/wp\/v2\/pages\/5"}],"wp:featuredmedia":[{"embeddable":true,"href":"https:\/\/carlosmagarinos.com\/es\/wp-json\/wp\/v2\/media\/914"}],"wp:attachment":[{"href":"https:\/\/carlosmagarinos.com\/es\/wp-json\/wp\/v2\/media?parent=13"}],"curies":[{"name":"wp","href":"https:\/\/api.w.org\/{rel}","templated":true}]}}