{"id":11,"date":"2018-11-19T19:35:03","date_gmt":"2018-11-19T22:35:03","guid":{"rendered":"http:\/\/carlosmagarinos.com\/?page_id=11"},"modified":"2024-08-03T04:55:43","modified_gmt":"2024-08-03T07:55:43","slug":"onu","status":"publish","type":"page","link":"https:\/\/carlosmagarinos.com\/es\/acerca-de\/onu\/","title":{"rendered":"Naciones Unidas"},"content":{"rendered":"<p>Es el <a href=\"https:\/\/www.unido.org\/who-we-are\/brief-history\" target=\"_blank\" rel=\"noopener\">3er Director General de ONUDI<\/a>; el primer argentino y la persona m\u00e1s joven en la historia de la ONU en ganar una elecci\u00f3n internacional para liderar una de sus Agencias Especializadas (1997-2001).<\/p>\n<p>Mediante una profunda reforma restableci\u00f3 la credibilidad de ONUDI, que increment\u00f3 su presupuesto en un 60%. Fue reelecto (2001-2005), administrando un presupuesto total de U$ 1,4 billones.<\/p>\n<p>Se enfoc\u00f3 en fortalecer la provisi\u00f3n de Bienes P\u00fablicos Globales tales como; a) formaci\u00f3n de capacidades productivas, comerciales y ambientales para reducir la pobreza; b) asociaciones p\u00fablico-privadas para crear empleo (con Ericsson, Fiat, etc) y c) capacidades para reconstrucci\u00f3n econ\u00f3mica post-conflicto (en Afganist\u00e1n, Iraq, Sudan, etc)<\/p>\n<p>Reconociendo su trabajo, el 7mo SG, Kofi Annan, lo propuso al <a href=\"https:\/\/unsceb.org\" target=\"_blank\" rel=\"noopener\">Directorio de Coordinaci\u00f3n de Jefes Ejecutivos de la ONU (CEB)<\/a> como 1er Chairman del <a href=\"https:\/\/unsceb.org\/high-level-committee-programmes-hlcp\" target=\"_blank\" rel=\"noopener\">Comit\u00e9 de Alto Nivel de Programas (HLCP)<\/a>. Sus colegas lo avalaron.<\/p>\n<p>Antes de su llegada, en 1996, ONUDI estaba en crisis. La Comisi\u00f3n sobre Gobernanza Global recomend\u00f3 fusionarla con UNCTAD. Varios pa\u00edses se retiraron y otros evaluaban hacerlo.<\/p>\n<p>La reforma estilo \u00abbig bang\u00bb de Magari\u00f1os cambi\u00f3 esa tendencia reclutando nuevos pa\u00edses miembros. Auditores externos y evaluaciones independientes reconocieron sus resultados <a href=\"https:\/\/library.alnap.org\/system\/files\/content\/resource\/files\/main\/meff-results-paper-final-6-may.pdf\" target=\"_blank\" rel=\"noopener\">(Marco de Efectividad Multilateral &#8211; UK DFID 2005, p 11)<\/a>.<\/p>","protected":false},"excerpt":{"rendered":"<p>Es el 3er Director General de ONUDI; el primer argentino y la persona m\u00e1s joven en la historia de la ONU en ganar una elecci\u00f3n internacional para liderar una de sus Agencias Especializadas (1997-2001). Mediante una profunda reforma restableci\u00f3 la credibilidad de ONUDI, que increment\u00f3 su presupuesto en un 60%. Fue reelecto (2001-2005), administrando un [&hellip;]<\/p>\n","protected":false},"author":1,"featured_media":1538,"parent":5,"menu_order":0,"comment_status":"closed","ping_status":"closed","template":"page-templates\/about-detail-template.php","meta":{"_acf_changed":false,"footnotes":""},"class_list":["post-11","page","type-page","status-publish","has-post-thumbnail","hentry"],"acf":[],"_links":{"self":[{"href":"https:\/\/carlosmagarinos.com\/es\/wp-json\/wp\/v2\/pages\/11","targetHints":{"allow":["GET"]}}],"collection":[{"href":"https:\/\/carlosmagarinos.com\/es\/wp-json\/wp\/v2\/pages"}],"about":[{"href":"https:\/\/carlosmagarinos.com\/es\/wp-json\/wp\/v2\/types\/page"}],"author":[{"embeddable":true,"href":"https:\/\/carlosmagarinos.com\/es\/wp-json\/wp\/v2\/users\/1"}],"replies":[{"embeddable":true,"href":"https:\/\/carlosmagarinos.com\/es\/wp-json\/wp\/v2\/comments?post=11"}],"version-history":[{"count":149,"href":"https:\/\/carlosmagarinos.com\/es\/wp-json\/wp\/v2\/pages\/11\/revisions"}],"predecessor-version":[{"id":2190,"href":"https:\/\/carlosmagarinos.com\/es\/wp-json\/wp\/v2\/pages\/11\/revisions\/2190"}],"up":[{"embeddable":true,"href":"https:\/\/carlosmagarinos.com\/es\/wp-json\/wp\/v2\/pages\/5"}],"wp:featuredmedia":[{"embeddable":true,"href":"https:\/\/carlosmagarinos.com\/es\/wp-json\/wp\/v2\/media\/1538"}],"wp:attachment":[{"href":"https:\/\/carlosmagarinos.com\/es\/wp-json\/wp\/v2\/media?parent=11"}],"curies":[{"name":"wp","href":"https:\/\/api.w.org\/{rel}","templated":true}]}}